{"id":3405,"date":"2018-04-19T10:14:48","date_gmt":"2018-04-19T08:14:48","guid":{"rendered":"https:\/\/www.arnalballester.com\/?page_id=3405"},"modified":"2018-04-19T10:16:42","modified_gmt":"2018-04-19T08:16:42","slug":"contacte","status":"publish","type":"page","link":"https:\/\/www.arnalballester.com\/ca\/contacte\/","title":{"rendered":"contacte"},"content":{"rendered":"<p>[et_pb_section bb_built=&#8221;1&#8243; _builder_version=&#8221;3.0.74&#8243; custom_margin=&#8221;0px|||&#8221; custom_padding=&#8221;0px|||&#8221;][et_pb_row _builder_version=&#8221;3.0.74&#8243; make_fullwidth=&#8221;on&#8221; custom_margin=&#8221;10px|66px|0px|0px&#8221; custom_padding=&#8221;0px||0px|&#8221; background_color_1=&#8221;#c6d3d3&#8243; use_custom_gutter=&#8221;on&#8221; gutter_width=&#8221;2&#8243; custom_margin_phone=&#8221;10px|5%|0px|10%&#8221; custom_margin_last_edited=&#8221;on|phone&#8221;][et_pb_column type=&#8221;2_3&#8243;][et_pb_contact_form _builder_version=&#8221;3.0.74&#8243; title=&#8221;Formulari de contacte&#8221; success_message=&#8221;Gr\u00e0cies per contactar amb mi&#8221; submit_button_text=&#8221;Enviar&#8221; email=&#8221;arnal@exili.net&#8221; captcha=&#8221;on&#8221; use_redirect=&#8221;off&#8221; input_border_radius=&#8221;0&#8243; border_style=&#8221;solid&#8221; custom_button=&#8221;on&#8221; button_border_radius=&#8221;0&#8243; button_letter_spacing=&#8221;0&#8243; button_icon_placement=&#8221;right&#8221; button_letter_spacing_hover=&#8221;0&#8243; custom_margin=&#8221;30px|30px|30px|66px&#8221; title_font_size=&#8221;31&#8243; title_text_color=&#8221;#ffffff&#8221; form_background_color=&#8221;#ffffff&#8221; button_text_color=&#8221;#597c78&#8243; button_border_color=&#8221;#ffffff&#8221; custom_margin_phone=&#8221;30px|5%|30px|5%&#8221; custom_margin_last_edited=&#8221;on|phone&#8221;] [et_pb_contact_field field_title=&#8221;Nom&#8221; field_type=&#8221;input&#8221; field_id=&#8221;Name&#8221; required_mark=&#8221;on&#8221; fullwidth_field=&#8221;off&#8221; _builder_version=&#8221;3.0.74&#8243; checkbox_checked=&#8221;off&#8221; checkbox_options=&#8221;%91{%22value%22:%22Nombre%22,%22checked%22:0}%93&#8243; radio_options=&#8221;%91{%22value%22:%22Nombre%22,%22checked%22:0}%93&#8243; select_options=&#8221;%91{%22value%22:%22Nombre%22,%22checked%22:0}%93&#8243; min_length=&#8221;0&#8243; max_length=&#8221;0&#8243; allowed_symbols=&#8221;all&#8221; conditional_logic=&#8221;off&#8221; conditional_logic_relation=&#8221;off&#8221; conditional_logic_rules=&#8221;%91{%22field%22:%22email%22,%22condition%22:%22is%22,%22value%22:%22%22}%93&#8243; use_background_color_gradient=&#8221;off&#8221; background_color_gradient_start=&#8221;#2b87da&#8221; background_color_gradient_end=&#8221;#29c4a9&#8243; background_color_gradient_type=&#8221;linear&#8221; background_color_gradient_direction=&#8221;180deg&#8221; background_color_gradient_direction_radial=&#8221;center&#8221; background_color_gradient_start_position=&#8221;0%&#8221; background_color_gradient_end_position=&#8221;100%&#8221; parallax=&#8221;off&#8221; parallax_method=&#8221;on&#8221; background_size=&#8221;cover&#8221; background_position=&#8221;center&#8221; background_repeat=&#8221;no-repeat&#8221; background_blend=&#8221;normal&#8221; allow_player_pause=&#8221;off&#8221; text_orientation=&#8221;left&#8221; form_field_font_select=&#8221;default&#8221; form_field_font=&#8221;||||&#8221; form_field_text_align=&#8221;left&#8221; use_border_color=&#8221;off&#8221; border_style=&#8221;solid&#8221; \/][et_pb_contact_field field_title=&#8221;Adre\u00e7a de correu electr\u00f2nic&#8221; field_type=&#8221;email&#8221; field_id=&#8221;Email&#8221; required_mark=&#8221;on&#8221; fullwidth_field=&#8221;off&#8221; _builder_version=&#8221;3.0.74&#8243; checkbox_checked=&#8221;off&#8221; checkbox_options=&#8221;%91{%22value%22:%22Direcci\u00f3n de correo electr\u00f3nico%22,%22checked%22:0}%93&#8243; radio_options=&#8221;%91{%22value%22:%22Direcci\u00f3n de correo electr\u00f3nico%22,%22checked%22:0}%93&#8243; select_options=&#8221;%91{%22value%22:%22Direcci\u00f3n de correo electr\u00f3nico%22,%22checked%22:0}%93&#8243; min_length=&#8221;0&#8243; max_length=&#8221;0&#8243; allowed_symbols=&#8221;all&#8221; conditional_logic=&#8221;off&#8221; conditional_logic_relation=&#8221;off&#8221; conditional_logic_rules=&#8221;%91{%22field%22:%22name%22,%22condition%22:%22is%22,%22value%22:%22%22}%93&#8243; use_background_color_gradient=&#8221;off&#8221; background_color_gradient_start=&#8221;#2b87da&#8221; background_color_gradient_end=&#8221;#29c4a9&#8243; background_color_gradient_type=&#8221;linear&#8221; background_color_gradient_direction=&#8221;180deg&#8221; background_color_gradient_direction_radial=&#8221;center&#8221; background_color_gradient_start_position=&#8221;0%&#8221; background_color_gradient_end_position=&#8221;100%&#8221; parallax=&#8221;off&#8221; parallax_method=&#8221;on&#8221; background_size=&#8221;cover&#8221; background_position=&#8221;center&#8221; background_repeat=&#8221;no-repeat&#8221; background_blend=&#8221;normal&#8221; allow_player_pause=&#8221;off&#8221; text_orientation=&#8221;left&#8221; form_field_font_select=&#8221;default&#8221; form_field_font=&#8221;||||&#8221; form_field_text_align=&#8221;left&#8221; use_border_color=&#8221;off&#8221; border_style=&#8221;solid&#8221; \/][et_pb_contact_field field_title=&#8221;Missatge&#8221; field_type=&#8221;text&#8221; field_id=&#8221;Message&#8221; required_mark=&#8221;on&#8221; fullwidth_field=&#8221;on&#8221; _builder_version=&#8221;3.0.74&#8243; checkbox_checked=&#8221;off&#8221; checkbox_options=&#8221;%91{%22value%22:%22Mensaje%22,%22checked%22:0}%93&#8243; radio_options=&#8221;%91{%22value%22:%22Mensaje%22,%22checked%22:0}%93&#8243; select_options=&#8221;%91{%22value%22:%22Mensaje%22,%22checked%22:0}%93&#8243; min_length=&#8221;0&#8243; max_length=&#8221;0&#8243; allowed_symbols=&#8221;all&#8221; conditional_logic=&#8221;off&#8221; conditional_logic_relation=&#8221;off&#8221; conditional_logic_rules=&#8221;%91{%22field%22:%22name%22,%22condition%22:%22is%22,%22value%22:%22%22}%93&#8243; use_background_color_gradient=&#8221;off&#8221; background_color_gradient_start=&#8221;#2b87da&#8221; background_color_gradient_end=&#8221;#29c4a9&#8243; background_color_gradient_type=&#8221;linear&#8221; background_color_gradient_direction=&#8221;180deg&#8221; background_color_gradient_direction_radial=&#8221;center&#8221; background_color_gradient_start_position=&#8221;0%&#8221; background_color_gradient_end_position=&#8221;100%&#8221; parallax=&#8221;off&#8221; parallax_method=&#8221;on&#8221; background_size=&#8221;cover&#8221; background_position=&#8221;center&#8221; background_repeat=&#8221;no-repeat&#8221; background_blend=&#8221;normal&#8221; allow_player_pause=&#8221;off&#8221; text_orientation=&#8221;left&#8221; form_field_font_select=&#8221;default&#8221; form_field_font=&#8221;||||&#8221; form_field_text_align=&#8221;left&#8221; use_border_color=&#8221;off&#8221; border_style=&#8221;solid&#8221; \/] [\/et_pb_contact_form][\/et_pb_column][et_pb_column type=&#8221;1_3&#8243;][et_pb_text admin_label=&#8221;Si tens alguna pregunta m\u00e9s&#8221; _builder_version=&#8221;3.0.74&#8243; background_layout=&#8221;light&#8221; border_style=&#8221;solid&#8221; module_class=&#8221;box_contact&#8221;]<\/p>\n<p><span id=\"result_box\" class=\"short_text\" lang=\"ca\" tabindex=\"-1\">Si tens alguna pregunta m\u00e9s:<\/span><br \/>\n<a class=\"ico_contact_mail\" href=\"mailto:arnal@exili.net\">arnal@exili.net<\/a><\/p>\n<p>[\/et_pb_text][\/et_pb_column][\/et_pb_row][\/et_pb_section]<\/p>\n","protected":false},"excerpt":{"rendered":"<p>Si tens alguna pregunta m\u00e9s: arnal@exili.net<\/p>\n","protected":false},"author":1,"featured_media":0,"parent":0,"menu_order":0,"comment_status":"closed","ping_status":"closed","template":"","meta":{"_et_pb_use_builder":"on","_et_pb_old_content":"","_et_gb_content_width":"","inline_featured_image":false,"footnotes":""},"class_list":["post-3405","page","type-page","status-publish","hentry"],"_links":{"self":[{"href":"https:\/\/www.arnalballester.com\/ca\/wp-json\/wp\/v2\/pages\/3405","targetHints":{"allow":["GET"]}}],"collection":[{"href":"https:\/\/www.arnalballester.com\/ca\/wp-json\/wp\/v2\/pages"}],"about":[{"href":"https:\/\/www.arnalballester.com\/ca\/wp-json\/wp\/v2\/types\/page"}],"author":[{"embeddable":true,"href":"https:\/\/www.arnalballester.com\/ca\/wp-json\/wp\/v2\/users\/1"}],"replies":[{"embeddable":true,"href":"https:\/\/www.arnalballester.com\/ca\/wp-json\/wp\/v2\/comments?post=3405"}],"version-history":[{"count":3,"href":"https:\/\/www.arnalballester.com\/ca\/wp-json\/wp\/v2\/pages\/3405\/revisions"}],"predecessor-version":[{"id":3408,"href":"https:\/\/www.arnalballester.com\/ca\/wp-json\/wp\/v2\/pages\/3405\/revisions\/3408"}],"wp:attachment":[{"href":"https:\/\/www.arnalballester.com\/ca\/wp-json\/wp\/v2\/media?parent=3405"}],"curies":[{"name":"wp","href":"https:\/\/api.w.org\/{rel}","templated":true}]}}